{"id":12319,"date":"2018-01-25T10:54:09","date_gmt":"2018-01-25T12:54:09","guid":{"rendered":"http:\/\/mdaniel.com.br\/pousada\/?page_id=12319"},"modified":"2019-03-12T11:28:46","modified_gmt":"2019-03-12T14:28:46","slug":"a-pousada","status":"publish","type":"page","link":"https:\/\/mdaniel.com.br\/pousada\/a-pousada\/","title":{"rendered":"A Pousada"},"content":{"rendered":"<p><div class=\"fusion-fullwidth fullwidth-box fusion-builder-row-1 conteudo nonhundred-percent-fullwidth non-hundred-percent-height-scrolling\" style=\"background-color: rgba(255,255,255,0);background-position: center center;background-repeat: no-repeat;padding-top:0px;padding-right:0px;padding-bottom:0px;padding-left:0px;margin-bottom: 0px;margin-top: 30px;border-width: 0px 0px 0px 0px;border-color:#eae9e9;border-style:solid;\" ><div class=\"fusion-builder-row fusion-row\"><div class=\"fusion-layout-column fusion_builder_column fusion-builder-column-0 fusion_builder_column_1_1 1_1 fusion-one-full fusion-column-first fusion-column-last\" style=\"margin-top:0px;margin-bottom:20px;\"><div class=\"fusion-column-wrapper fusion-flex-column-wrapper-legacy\" style=\"background-position:left top;background-repeat:no-repeat;-webkit-background-size:cover;-moz-background-size:cover;-o-background-size:cover;background-size:cover;padding: 0px 0px 0px 0px;\"><div class=\"imageframe-align-center\"><span class=\" fusion-imageframe imageframe-none imageframe-1 hover-type-none titulo-pgn fusion-animated\" data-animationType=\"shake\" data-animationDuration=\"0.3\" data-animationOffset=\"100%\"><img width=\"409\" height=\"188\" title=\"titulo-a-pousada\" src=\"http:\/\/mdaniel.com.br\/pousada\/wp-content\/uploads\/2018\/12\/titulo-a-pousada.png\" class=\"img-responsive wp-image-12836\" srcset=\"https:\/\/mdaniel.com.br\/pousada\/wp-content\/uploads\/2018\/12\/titulo-a-pousada-200x92.png 200w, https:\/\/mdaniel.com.br\/pousada\/wp-content\/uploads\/2018\/12\/titulo-a-pousada-400x184.png 400w, https:\/\/mdaniel.com.br\/pousada\/wp-content\/uploads\/2018\/12\/titulo-a-pousada.png 409w\" sizes=\"(max-width: 800px) 100vw, 409px\" \/><\/span><\/div><div class=\"fusion-text fusion-text-1\" style=\"transform:translate3d(0,0,0);\"><h4 style=\"text-align: justify;\">A orla de Maragogi precisava de uma estrutura moderna e confort\u00e1vel para receber os visitantes de todas as partes do mundo. A Pousada dos Jangadeiros trouxe pra si essa responsabilidade e h\u00e1 mais de uma d\u00e9cada exerce esse papel de pioneirismo no turismo local.<\/h4>\n<h4 style=\"text-align: justify;\">Nossas 66 su\u00edtes foram criadas \u00fanica e exclusivamente com o intuito de acomodar confortavelmente nossos clientes. Cada detalhe e tra\u00e7o foi pensado na satisfa\u00e7\u00e3o daqueles que visitam a Jangadeiros.<\/h4>\n<h4 style=\"text-align: justify;\">Em dois pr\u00e9dios erguidos na orla de Maragogi, a praticidade \u00e9 oferecida com requinte, otimizando a estada de nossos visitantes. Em um deles, o elevador panor\u00e2mico se destaca, imponente, dando vis\u00e3o privilegiada da orla.<\/h4>\n<h4 style=\"text-align: justify;\">A cobertura \u00e9 outro show de imagem. \u00c9 poss\u00edvel ver a orla de uma ponta a outra, apresentando a real beleza natural que Maragogi oferece aos seus visitantes. Um bar exclusivo est\u00e1 \u00e0 disposi\u00e7\u00e3o dos frequentadores de nossa cobertura. Tudo para n\u00e3o perder um instante s\u00f3 deste para\u00edso brasileiro. Pois a piscina da cobertura \u00e9 um deleite indescrit\u00edvel. Se banhar com a vista para a orla e tirar aquela foto pra postar nas redes sociais. Inesquec\u00edvel!<\/h4>\n<h4 style=\"text-align: justify;\">O pr\u00f3prio gerador de energia assegura noites de sono tranquilas, longe das recorrentes quedas na distribui\u00e7\u00e3o de energia na regi\u00e3o.<\/h4>\n<h4 style=\"text-align: justify;\">Mas o que reservamos para o final \u00e9 o melhor. O caf\u00e9 da manh\u00e3 regional \u00e9 considerado o melhor da regi\u00e3o Norte de Alagoas. Nossa variedade e diversifica\u00e7\u00e3o encanta com os olhos e seduz o paladar de nossos visitantes. Frutas frescas, p\u00e3es diversos, bolos \u00e0 disposi\u00e7\u00e3o, doces; tudo acompanhado do farto card\u00e1pio nordestino.<\/h4>\n<h4 style=\"text-align: justify;\">A Pousada dos Jangadeiros est\u00e1 localizada na orla de Maragogi, pr\u00f3xima de restaurantes, bares, mercearias, artesanato, sorveterias, bancos e demais servi\u00e7os p\u00fablicos. Estamos a 7 km da praia de Antunes, a mais frequentada da cidade; cinco km de Barra Grande e seu bel\u00edssimo Banco de Areia; o embarque para os passeios n\u00e1uticos \u00e9 feito em frente \u00e0 pousada.<\/h4>\n<h4 style=\"text-align: justify;\">Estamos estrategicamente posicionados entre Recife e Macei\u00f3. Acesso facilitado pelos dois aeroportos: s\u00e3o duas horas de viagem terrestre e 130 km aproximadamente das duas capitais. Por isso, a Pousada dos Jangadeiros conta com o apoio da Jangadeiros Viagens e Turismo para o servi\u00e7o opcional de transfer e passeios terrestres.<\/h4>\n<h4 style=\"text-align: justify;\">Nossas su\u00edtes s\u00e3o completas de tv; ar condicionado split; frigobar; cama box; interfone; chuveiro quente, movido a energia solar. Disponibilizamos ainda internet wi fi, gratuitamente, como tamb\u00e9m o uso de notebooks, sem custo adicional. Realizamos passeios \u00e0s piscinas naturais, passeios terrestres para praias de Maragogi e da regi\u00e3o. Como tamb\u00e9m intermediamos passeios de buggy pelas mais paradis\u00edacas praias locais.<\/h4>\n<\/div><div class=\"fusion-clearfix\"><\/div><\/div><\/div><\/div><\/div><div class=\"fusion-fullwidth fullwidth-box fusion-builder-row-2 fusion-parallax-fixed hundred-percent-fullwidth non-hundred-percent-height-scrolling\" style=\"background-color: rgba(255,255,255,0);background-image: url(&quot;http:\/\/mdaniel.com.br\/pousada\/wp-content\/uploads\/2019\/01\/foto-a-pousada-meio-1024x252.jpg&quot;);background-position: center center;background-repeat: no-repeat;padding-top:150px;padding-right:0px;padding-bottom:153px;padding-left:0px;margin-bottom: 0px;border-width: 0px 0px 0px 0px;border-color:#eae9e9;border-style:solid;-webkit-background-size:cover;-moz-background-size:cover;-o-background-size:cover;background-size:cover;background-attachment:fixed;\" ><div class=\"fusion-builder-row fusion-row\"><div class=\"fusion-layout-column fusion_builder_column fusion-builder-column-1 fusion_builder_column_1_1 1_1 fusion-one-full fusion-column-first fusion-column-last\" style=\"margin-top:0px;margin-bottom:20px;\"><div class=\"fusion-column-wrapper fusion-flex-column-wrapper-legacy\" style=\"background-position:left top;background-repeat:no-repeat;-webkit-background-size:cover;-moz-background-size:cover;-o-background-size:cover;background-size:cover;padding: 0px 50px 0px 50px;\"><style type=\"text\/css\"><\/style><div class=\"fusion-title title fusion-title-1 fusion-sep-none fusion-title-center fusion-title-text fusion-title-size-one\" style=\"margin-top:0px;margin-bottom:30px;\"><h1 class=\"title-heading-center\" style=\"margin:0;color:#ffffff;\"><h1 style=\"text-align: center;\"><span style=\"color: #ffffff;\">O sol forte deixa a \u00e1gua do mar ainda mais cristalina, real\u00e7ando o recorte da barreira de corais que mancha aqueles tons azulados \u00fanicos.<\/span><\/h1><\/h1><\/div><div class=\"fusion-clearfix\"><\/div><\/div><\/div><\/div><\/div><div class=\"fusion-fullwidth fullwidth-box fusion-builder-row-3 hundred-percent-fullwidth hundred-percent-height hundred-percent-height-center-content non-hundred-percent-height-scrolling\" style=\"background-color: rgba(255,255,255,0);background-position: center center;background-repeat: no-repeat;padding-top:169px;padding-right:0px;padding-bottom:169px;padding-left:0px;border-width: 0px 0px 0px 0px;border-color:#eae9e9;border-style:solid;\" ><div class=\"fusion-fullwidth-center-content\"><div class=\"fusion-builder-row fusion-row\"><div class=\"fusion-layout-column fusion_builder_column fusion-builder-column-2 fusion_builder_column_1_1 1_1 fusion-one-full fusion-column-first fusion-column-last\" style=\"margin-top:0px;margin-bottom:0px;\"><div class=\"fusion-column-wrapper fusion-flex-column-wrapper-legacy\" style=\"background-position:left top;background-repeat:no-repeat;-webkit-background-size:cover;-moz-background-size:cover;-o-background-size:cover;background-size:cover;padding: 0px 0px 0px 0px;\"><style type=\"text\/css\">.fusion-gallery-1 .fusion-gallery-image {border:0px solid #f6f6f6;}<\/style><div class=\"fusion-gallery fusion-gallery-container fusion-grid-4 fusion-columns-total-4 fusion-gallery-layout-grid fusion-gallery-1\" style=\"margin:0px;\"><div style=\"padding:0px;\" class=\"fusion-grid-column fusion-gallery-column fusion-gallery-column-4\"><div class=\"fusion-gallery-image fusion-gallery-image-liftup\"><img src=\"https:\/\/mdaniel.com.br\/pousada\/wp-content\/uploads\/2019\/01\/cafe-da-manha.jpg\" width=\"338\" height=\"338\" alt=\"\" title=\"cafe-da-manha\" aria-label=\"cafe-da-manha\" class=\"img-responsive wp-image-12997\" srcset=\"https:\/\/mdaniel.com.br\/pousada\/wp-content\/uploads\/2019\/01\/cafe-da-manha-200x200.jpg 200w, https:\/\/mdaniel.com.br\/pousada\/wp-content\/uploads\/2019\/01\/cafe-da-manha.jpg 338w\" sizes=\"(min-width: 2200px) 100vw, (min-width: 915px) 300px, (min-width: 824px) 400px, (min-width: 732px) 600px, (min-width: 640px) 732px, \" \/><\/div><\/div><div style=\"padding:0px;\" class=\"fusion-grid-column fusion-gallery-column fusion-gallery-column-4\"><div class=\"fusion-gallery-image fusion-gallery-image-liftup\"><img src=\"https:\/\/mdaniel.com.br\/pousada\/wp-content\/uploads\/2019\/02\/transfer.jpg\" width=\"338\" height=\"338\" alt=\"\" title=\"transfer\" aria-label=\"transfer\" class=\"img-responsive wp-image-13214\" srcset=\"https:\/\/mdaniel.com.br\/pousada\/wp-content\/uploads\/2019\/02\/transfer-200x200.jpg 200w, https:\/\/mdaniel.com.br\/pousada\/wp-content\/uploads\/2019\/02\/transfer.jpg 338w\" sizes=\"(min-width: 2200px) 100vw, (min-width: 915px) 300px, (min-width: 824px) 400px, (min-width: 732px) 600px, (min-width: 640px) 732px, \" \/><\/div><\/div><div style=\"padding:0px;\" class=\"fusion-grid-column fusion-gallery-column fusion-gallery-column-4\"><div class=\"fusion-gallery-image fusion-gallery-image-liftup\"><img src=\"https:\/\/mdaniel.com.br\/pousada\/wp-content\/uploads\/2019\/01\/lavanderia.jpg\" width=\"338\" height=\"338\" alt=\"\" title=\"lavanderia\" aria-label=\"lavanderia\" class=\"img-responsive wp-image-12998\" srcset=\"https:\/\/mdaniel.com.br\/pousada\/wp-content\/uploads\/2019\/01\/lavanderia-200x200.jpg 200w, https:\/\/mdaniel.com.br\/pousada\/wp-content\/uploads\/2019\/01\/lavanderia.jpg 338w\" sizes=\"(min-width: 2200px) 100vw, (min-width: 915px) 300px, (min-width: 824px) 400px, (min-width: 732px) 600px, (min-width: 640px) 732px, \" \/><\/div><\/div><div style=\"padding:0px;\" class=\"fusion-grid-column fusion-gallery-column fusion-gallery-column-4\"><div class=\"fusion-gallery-image fusion-gallery-image-liftup\"><img src=\"https:\/\/mdaniel.com.br\/pousada\/wp-content\/uploads\/2019\/01\/wi-fi.jpg\" width=\"338\" height=\"338\" alt=\"\" title=\"wi-fi\" aria-label=\"wi-fi\" class=\"img-responsive wp-image-12999\" srcset=\"https:\/\/mdaniel.com.br\/pousada\/wp-content\/uploads\/2019\/01\/wi-fi-200x200.jpg 200w, https:\/\/mdaniel.com.br\/pousada\/wp-content\/uploads\/2019\/01\/wi-fi.jpg 338w\" sizes=\"(min-width: 2200px) 100vw, (min-width: 915px) 300px, (min-width: 824px) 400px, (min-width: 732px) 600px, (min-width: 640px) 732px, \" \/><\/div><\/div><div class=\"clearfix\"><\/div><\/div><div class=\"fusion-clearfix\"><\/div><\/div><\/div><\/div><\/div><\/div><div class=\"fusion-fullwidth fullwidth-box fusion-builder-row-4 hundred-percent-fullwidth non-hundred-percent-height-scrolling\" style=\"background-color: rgba(255,255,255,0);background-position: center center;background-repeat: no-repeat;padding-top:0px;padding-right:0px;padding-bottom:0px;padding-left:0px;border-width: 0px 0px 0px 0px;border-color:#eae9e9;border-style:solid;\" ><div class=\"fusion-builder-row fusion-row\"><div class=\"fusion-layout-column fusion_builder_column fusion-builder-column-3 fusion_builder_column_1_1 1_1 fusion-one-full fusion-column-first fusion-column-last\" style=\"margin-top:0px;margin-bottom:20px;\"><div class=\"fusion-column-wrapper fusion-flex-column-wrapper-legacy\" style=\"background-position:left top;background-repeat:no-repeat;-webkit-background-size:cover;-moz-background-size:cover;-o-background-size:cover;background-size:cover;padding: 0px 0px 0px 0px;\"><div class=\"fusion-text fusion-text-2\" style=\"transform:translate3d(0,0,0);\"><h4>- ambiente para caf\u00e9 da manh\u00e3 climatizado<\/h4>\n<h4>- wi fi gr\u00e1tis<\/h4>\n<h4>- Lavanderia<\/h4>\n<h4>- caf\u00e9 da manh\u00e3 j\u00e1 incluso no tarif\u00e1rio<\/h4>\n<\/div><div class=\"fusion-clearfix\"><\/div><\/div><\/div><\/div><\/div><div class=\"fusion-fullwidth fullwidth-box fusion-builder-row-5 fusion-parallax-none hundred-percent-fullwidth non-hundred-percent-height-scrolling\" style=\"background-color: rgba(255,255,255,0);background-image: url(&quot;http:\/\/mdaniel.com.br\/pousada\/wp-content\/uploads\/2018\/01\/bg-social-topo.png&quot;);background-position: center center;background-repeat: repeat;padding-top:0px;padding-right:0px;padding-bottom:0px;padding-left:0px;margin-bottom: -35px;margin-top: 0px;border-width: 0px 0px 0px 0px;border-color:#eae9e9;border-style:solid;\" ><div class=\"fusion-builder-row fusion-row\"><div class=\"fusion-layout-column fusion_builder_column fusion-builder-column-4 fusion_builder_column_1_1 1_1 fusion-one-full fusion-column-first fusion-column-last\" style=\"margin-top:0px;margin-bottom:20px;\"><div class=\"fusion-column-wrapper fusion-flex-column-wrapper-legacy\" style=\"background-position:left top;background-repeat:no-repeat;-webkit-background-size:cover;-moz-background-size:cover;-o-background-size:cover;background-size:cover;padding: 0px 0px 0px 0px;\"><style type=\"text\/css\">.fusion-gallery-2 .fusion-gallery-image {border:0px solid #f6f6f6;}<\/style><div class=\"fusion-gallery fusion-gallery-container fusion-grid-4 fusion-columns-total-8 fusion-gallery-layout-grid fusion-gallery-2\" style=\"margin:0px;\"><div style=\"padding:0px;\" class=\"fusion-grid-column fusion-gallery-column fusion-gallery-column-4\"><div class=\"fusion-gallery-image fusion-gallery-image-liftup\"><a href=\"https:\/\/mdaniel.com.br\/pousada\/wp-content\/uploads\/2019\/01\/GOPR7604_1544474921931_high.jpg\" rel=\"noreferrer\" data-rel=\"iLightbox[gallery_image_2]\" class=\"fusion-lightbox\" target=\"_self\"><img src=\"https:\/\/mdaniel.com.br\/pousada\/wp-content\/uploads\/2019\/01\/GOPR7604_1544474921931_high.jpg\" width=\"1200\" height=\"900\" alt=\"\" title=\"DCIM100GOPROGOPR7604.\" aria-label=\"DCIM100GOPROGOPR7604.\" class=\"img-responsive wp-image-12914\" srcset=\"https:\/\/mdaniel.com.br\/pousada\/wp-content\/uploads\/2019\/01\/GOPR7604_1544474921931_high-200x150.jpg 200w, https:\/\/mdaniel.com.br\/pousada\/wp-content\/uploads\/2019\/01\/GOPR7604_1544474921931_high-400x300.jpg 400w, https:\/\/mdaniel.com.br\/pousada\/wp-content\/uploads\/2019\/01\/GOPR7604_1544474921931_high-600x450.jpg 600w, https:\/\/mdaniel.com.br\/pousada\/wp-content\/uploads\/2019\/01\/GOPR7604_1544474921931_high-800x600.jpg 800w, https:\/\/mdaniel.com.br\/pousada\/wp-content\/uploads\/2019\/01\/GOPR7604_1544474921931_high.jpg 1200w\" sizes=\"(min-width: 2200px) 100vw, (min-width: 915px) 300px, (min-width: 824px) 400px, (min-width: 732px) 600px, (min-width: 640px) 732px, \" \/><\/a><\/div><\/div><div style=\"padding:0px;\" class=\"fusion-grid-column fusion-gallery-column fusion-gallery-column-4\"><div class=\"fusion-gallery-image fusion-gallery-image-liftup\"><a href=\"https:\/\/mdaniel.com.br\/pousada\/wp-content\/uploads\/2019\/01\/GOPR7614_1544474921931_high.jpg\" rel=\"noreferrer\" data-rel=\"iLightbox[gallery_image_2]\" class=\"fusion-lightbox\" target=\"_self\"><img src=\"https:\/\/mdaniel.com.br\/pousada\/wp-content\/uploads\/2019\/01\/GOPR7614_1544474921931_high.jpg\" width=\"1200\" height=\"900\" alt=\"\" title=\"DCIM100GOPROGOPR7614.\" aria-label=\"DCIM100GOPROGOPR7614.\" class=\"img-responsive wp-image-12915\" srcset=\"https:\/\/mdaniel.com.br\/pousada\/wp-content\/uploads\/2019\/01\/GOPR7614_1544474921931_high-200x150.jpg 200w, https:\/\/mdaniel.com.br\/pousada\/wp-content\/uploads\/2019\/01\/GOPR7614_1544474921931_high-400x300.jpg 400w, https:\/\/mdaniel.com.br\/pousada\/wp-content\/uploads\/2019\/01\/GOPR7614_1544474921931_high-600x450.jpg 600w, https:\/\/mdaniel.com.br\/pousada\/wp-content\/uploads\/2019\/01\/GOPR7614_1544474921931_high-800x600.jpg 800w, https:\/\/mdaniel.com.br\/pousada\/wp-content\/uploads\/2019\/01\/GOPR7614_1544474921931_high.jpg 1200w\" sizes=\"(min-width: 2200px) 100vw, (min-width: 915px) 300px, (min-width: 824px) 400px, (min-width: 732px) 600px, (min-width: 640px) 732px, \" \/><\/a><\/div><\/div><div style=\"padding:0px;\" class=\"fusion-grid-column fusion-gallery-column fusion-gallery-column-4\"><div class=\"fusion-gallery-image fusion-gallery-image-liftup\"><a href=\"https:\/\/mdaniel.com.br\/pousada\/wp-content\/uploads\/2019\/01\/GOPR7720_1544782957733_high.jpg\" rel=\"noreferrer\" data-rel=\"iLightbox[gallery_image_2]\" class=\"fusion-lightbox\" target=\"_self\"><img src=\"https:\/\/mdaniel.com.br\/pousada\/wp-content\/uploads\/2019\/01\/GOPR7720_1544782957733_high.jpg\" width=\"1200\" height=\"900\" alt=\"\" title=\"DCIM100GOPROGOPR7720.\" aria-label=\"DCIM100GOPROGOPR7720.\" class=\"img-responsive wp-image-12916\" srcset=\"https:\/\/mdaniel.com.br\/pousada\/wp-content\/uploads\/2019\/01\/GOPR7720_1544782957733_high-200x150.jpg 200w, https:\/\/mdaniel.com.br\/pousada\/wp-content\/uploads\/2019\/01\/GOPR7720_1544782957733_high-400x300.jpg 400w, https:\/\/mdaniel.com.br\/pousada\/wp-content\/uploads\/2019\/01\/GOPR7720_1544782957733_high-600x450.jpg 600w, https:\/\/mdaniel.com.br\/pousada\/wp-content\/uploads\/2019\/01\/GOPR7720_1544782957733_high-800x600.jpg 800w, https:\/\/mdaniel.com.br\/pousada\/wp-content\/uploads\/2019\/01\/GOPR7720_1544782957733_high.jpg 1200w\" sizes=\"(min-width: 2200px) 100vw, (min-width: 915px) 300px, (min-width: 824px) 400px, (min-width: 732px) 600px, (min-width: 640px) 732px, \" \/><\/a><\/div><\/div><div style=\"padding:0px;\" class=\"fusion-grid-column fusion-gallery-column fusion-gallery-column-4\"><div class=\"fusion-gallery-image fusion-gallery-image-liftup\"><a href=\"https:\/\/mdaniel.com.br\/pousada\/wp-content\/uploads\/2019\/01\/GOPR7740_1544782957733_high.jpg\" rel=\"noreferrer\" data-rel=\"iLightbox[gallery_image_2]\" class=\"fusion-lightbox\" target=\"_self\"><img src=\"https:\/\/mdaniel.com.br\/pousada\/wp-content\/uploads\/2019\/01\/GOPR7740_1544782957733_high.jpg\" width=\"1200\" height=\"900\" alt=\"\" title=\"DCIM100GOPROGOPR7740.\" aria-label=\"DCIM100GOPROGOPR7740.\" class=\"img-responsive wp-image-12917\" srcset=\"https:\/\/mdaniel.com.br\/pousada\/wp-content\/uploads\/2019\/01\/GOPR7740_1544782957733_high-200x150.jpg 200w, https:\/\/mdaniel.com.br\/pousada\/wp-content\/uploads\/2019\/01\/GOPR7740_1544782957733_high-400x300.jpg 400w, https:\/\/mdaniel.com.br\/pousada\/wp-content\/uploads\/2019\/01\/GOPR7740_1544782957733_high-600x450.jpg 600w, https:\/\/mdaniel.com.br\/pousada\/wp-content\/uploads\/2019\/01\/GOPR7740_1544782957733_high-800x600.jpg 800w, https:\/\/mdaniel.com.br\/pousada\/wp-content\/uploads\/2019\/01\/GOPR7740_1544782957733_high.jpg 1200w\" sizes=\"(min-width: 2200px) 100vw, (min-width: 915px) 300px, (min-width: 824px) 400px, (min-width: 732px) 600px, (min-width: 640px) 732px, \" \/><\/a><\/div><\/div><div class=\"clearfix\"><\/div><div style=\"padding:0px;\" class=\"fusion-grid-column fusion-gallery-column fusion-gallery-column-4\"><div class=\"fusion-gallery-image fusion-gallery-image-liftup\"><a href=\"https:\/\/mdaniel.com.br\/pousada\/wp-content\/uploads\/2019\/01\/GOPR7754_1544825314992_high.jpg\" rel=\"noreferrer\" data-rel=\"iLightbox[gallery_image_2]\" class=\"fusion-lightbox\" target=\"_self\"><img src=\"https:\/\/mdaniel.com.br\/pousada\/wp-content\/uploads\/2019\/01\/GOPR7754_1544825314992_high.jpg\" width=\"1200\" height=\"900\" alt=\"\" title=\"DCIM100GOPROGOPR7754.\" aria-label=\"DCIM100GOPROGOPR7754.\" class=\"img-responsive wp-image-12918\" srcset=\"https:\/\/mdaniel.com.br\/pousada\/wp-content\/uploads\/2019\/01\/GOPR7754_1544825314992_high-200x150.jpg 200w, https:\/\/mdaniel.com.br\/pousada\/wp-content\/uploads\/2019\/01\/GOPR7754_1544825314992_high-400x300.jpg 400w, https:\/\/mdaniel.com.br\/pousada\/wp-content\/uploads\/2019\/01\/GOPR7754_1544825314992_high-600x450.jpg 600w, https:\/\/mdaniel.com.br\/pousada\/wp-content\/uploads\/2019\/01\/GOPR7754_1544825314992_high-800x600.jpg 800w, https:\/\/mdaniel.com.br\/pousada\/wp-content\/uploads\/2019\/01\/GOPR7754_1544825314992_high.jpg 1200w\" sizes=\"(min-width: 2200px) 100vw, (min-width: 915px) 300px, (min-width: 824px) 400px, (min-width: 732px) 600px, (min-width: 640px) 732px, \" \/><\/a><\/div><\/div><div style=\"padding:0px;\" class=\"fusion-grid-column fusion-gallery-column fusion-gallery-column-4\"><div class=\"fusion-gallery-image fusion-gallery-image-liftup\"><a href=\"https:\/\/mdaniel.com.br\/pousada\/wp-content\/uploads\/2019\/01\/GOPR7861_1546553830478_high.jpg\" rel=\"noreferrer\" data-rel=\"iLightbox[gallery_image_2]\" class=\"fusion-lightbox\" target=\"_self\"><img src=\"https:\/\/mdaniel.com.br\/pousada\/wp-content\/uploads\/2019\/01\/GOPR7861_1546553830478_high.jpg\" width=\"1200\" height=\"900\" alt=\"\" title=\"DCIM100GOPROGOPR7861.\" aria-label=\"DCIM100GOPROGOPR7861.\" class=\"img-responsive wp-image-12919\" srcset=\"https:\/\/mdaniel.com.br\/pousada\/wp-content\/uploads\/2019\/01\/GOPR7861_1546553830478_high-200x150.jpg 200w, https:\/\/mdaniel.com.br\/pousada\/wp-content\/uploads\/2019\/01\/GOPR7861_1546553830478_high-400x300.jpg 400w, https:\/\/mdaniel.com.br\/pousada\/wp-content\/uploads\/2019\/01\/GOPR7861_1546553830478_high-600x450.jpg 600w, https:\/\/mdaniel.com.br\/pousada\/wp-content\/uploads\/2019\/01\/GOPR7861_1546553830478_high-800x600.jpg 800w, https:\/\/mdaniel.com.br\/pousada\/wp-content\/uploads\/2019\/01\/GOPR7861_1546553830478_high.jpg 1200w\" sizes=\"(min-width: 2200px) 100vw, (min-width: 915px) 300px, (min-width: 824px) 400px, (min-width: 732px) 600px, (min-width: 640px) 732px, \" \/><\/a><\/div><\/div><div style=\"padding:0px;\" class=\"fusion-grid-column fusion-gallery-column fusion-gallery-column-4\"><div class=\"fusion-gallery-image fusion-gallery-image-liftup\"><a href=\"https:\/\/mdaniel.com.br\/pousada\/wp-content\/uploads\/2019\/01\/GOPR7598_1544474921931_high.jpg\" rel=\"noreferrer\" data-rel=\"iLightbox[gallery_image_2]\" class=\"fusion-lightbox\" target=\"_self\"><img src=\"https:\/\/mdaniel.com.br\/pousada\/wp-content\/uploads\/2019\/01\/GOPR7598_1544474921931_high.jpg\" width=\"1200\" height=\"900\" alt=\"\" title=\"DCIM100GOPROGOPR7598.\" aria-label=\"DCIM100GOPROGOPR7598.\" class=\"img-responsive wp-image-12921\" srcset=\"https:\/\/mdaniel.com.br\/pousada\/wp-content\/uploads\/2019\/01\/GOPR7598_1544474921931_high-200x150.jpg 200w, https:\/\/mdaniel.com.br\/pousada\/wp-content\/uploads\/2019\/01\/GOPR7598_1544474921931_high-400x300.jpg 400w, https:\/\/mdaniel.com.br\/pousada\/wp-content\/uploads\/2019\/01\/GOPR7598_1544474921931_high-600x450.jpg 600w, https:\/\/mdaniel.com.br\/pousada\/wp-content\/uploads\/2019\/01\/GOPR7598_1544474921931_high-800x600.jpg 800w, https:\/\/mdaniel.com.br\/pousada\/wp-content\/uploads\/2019\/01\/GOPR7598_1544474921931_high.jpg 1200w\" sizes=\"(min-width: 2200px) 100vw, (min-width: 915px) 300px, (min-width: 824px) 400px, (min-width: 732px) 600px, (min-width: 640px) 732px, \" \/><\/a><\/div><\/div><div style=\"padding:0px;\" class=\"fusion-grid-column fusion-gallery-column fusion-gallery-column-4\"><div class=\"fusion-gallery-image fusion-gallery-image-liftup\"><a href=\"https:\/\/mdaniel.com.br\/pousada\/wp-content\/uploads\/2019\/01\/GOPR7597_1544474921931_high.jpg\" rel=\"noreferrer\" data-rel=\"iLightbox[gallery_image_2]\" class=\"fusion-lightbox\" target=\"_self\"><img src=\"https:\/\/mdaniel.com.br\/pousada\/wp-content\/uploads\/2019\/01\/GOPR7597_1544474921931_high.jpg\" width=\"1200\" height=\"900\" alt=\"\" title=\"DCIM100GOPROGOPR7597.\" aria-label=\"DCIM100GOPROGOPR7597.\" class=\"img-responsive wp-image-12920\" srcset=\"https:\/\/mdaniel.com.br\/pousada\/wp-content\/uploads\/2019\/01\/GOPR7597_1544474921931_high-200x150.jpg 200w, https:\/\/mdaniel.com.br\/pousada\/wp-content\/uploads\/2019\/01\/GOPR7597_1544474921931_high-400x300.jpg 400w, https:\/\/mdaniel.com.br\/pousada\/wp-content\/uploads\/2019\/01\/GOPR7597_1544474921931_high-600x450.jpg 600w, https:\/\/mdaniel.com.br\/pousada\/wp-content\/uploads\/2019\/01\/GOPR7597_1544474921931_high-800x600.jpg 800w, https:\/\/mdaniel.com.br\/pousada\/wp-content\/uploads\/2019\/01\/GOPR7597_1544474921931_high.jpg 1200w\" sizes=\"(min-width: 2200px) 100vw, (min-width: 915px) 300px, (min-width: 824px) 400px, (min-width: 732px) 600px, (min-width: 640px) 732px, \" \/><\/a><\/div><\/div><div class=\"clearfix\"><\/div><\/div><div class=\"fusion-clearfix\"><\/div><\/div><\/div><\/div><\/div><\/p>\n","protected":false},"excerpt":{"rendered":"","protected":false},"author":1,"featured_media":0,"parent":0,"menu_order":0,"comment_status":"closed","ping_status":"closed","template":"100-width.php","meta":[],"_links":{"self":[{"href":"https:\/\/mdaniel.com.br\/pousada\/wp-json\/wp\/v2\/pages\/12319"}],"collection":[{"href":"https:\/\/mdaniel.com.br\/pousada\/wp-json\/wp\/v2\/pages"}],"about":[{"href":"https:\/\/mdaniel.com.br\/pousada\/wp-json\/wp\/v2\/types\/page"}],"author":[{"embeddable":true,"href":"https:\/\/mdaniel.com.br\/pousada\/wp-json\/wp\/v2\/users\/1"}],"replies":[{"embeddable":true,"href":"https:\/\/mdaniel.com.br\/pousada\/wp-json\/wp\/v2\/comments?post=12319"}],"version-history":[{"count":128,"href":"https:\/\/mdaniel.com.br\/pousada\/wp-json\/wp\/v2\/pages\/12319\/revisions"}],"predecessor-version":[{"id":13538,"href":"https:\/\/mdaniel.com.br\/pousada\/wp-json\/wp\/v2\/pages\/12319\/revisions\/13538"}],"wp:attachment":[{"href":"https:\/\/mdaniel.com.br\/pousada\/wp-json\/wp\/v2\/media?parent=12319"}],"curies":[{"name":"wp","href":"https:\/\/api.w.org\/{rel}","templated":true}]}}