{"id":12325,"date":"2018-01-25T10:57:17","date_gmt":"2018-01-25T12:57:17","guid":{"rendered":"http:\/\/mdaniel.com.br\/pousada\/?page_id=12325"},"modified":"2019-03-11T11:33:57","modified_gmt":"2019-03-11T14:33:57","slug":"kit-romantico","status":"publish","type":"page","link":"https:\/\/mdaniel.com.br\/pousada\/kit-romantico\/","title":{"rendered":"Kit Rom\u00e2ntico"},"content":{"rendered":"<p><div class=\"fusion-fullwidth fullwidth-box fusion-builder-row-1 conteudo hundred-percent-fullwidth non-hundred-percent-height-scrolling\" style=\"background-color: rgba(255,255,255,0);background-position: center center;background-repeat: no-repeat;padding-top:0px;padding-right:0px;padding-bottom:0px;padding-left:0px;margin-bottom: 0px;margin-top: 30px;border-width: 0px 0px 0px 0px;border-color:#eae9e9;border-style:solid;\" ><div class=\"fusion-builder-row fusion-row\"><div class=\"fusion-layout-column fusion_builder_column fusion-builder-column-0 fusion_builder_column_1_1 1_1 fusion-one-full fusion-column-first fusion-column-last conteudo\" style=\"margin-top:0px;margin-bottom:20px;\"><div class=\"fusion-column-wrapper fusion-flex-column-wrapper-legacy\" style=\"background-position:center top;background-repeat:no-repeat;-webkit-background-size:cover;-moz-background-size:cover;-o-background-size:cover;background-size:cover;padding: 0px 0px 0px 0px;\"><div class=\"imageframe-align-center\"><span class=\" fusion-imageframe imageframe-none imageframe-1 hover-type-none conteudo fusion-animated\" data-animationType=\"shake\" data-animationDuration=\"0.3\" data-animationOffset=\"100%\"><img width=\"510\" height=\"222\" title=\"titulo-kit-romantico\" src=\"http:\/\/mdaniel.com.br\/pousada\/wp-content\/uploads\/2019\/01\/titulo-kit-romantico.png\" class=\"img-responsive wp-image-13110\" srcset=\"https:\/\/mdaniel.com.br\/pousada\/wp-content\/uploads\/2019\/01\/titulo-kit-romantico-200x87.png 200w, https:\/\/mdaniel.com.br\/pousada\/wp-content\/uploads\/2019\/01\/titulo-kit-romantico-400x174.png 400w, https:\/\/mdaniel.com.br\/pousada\/wp-content\/uploads\/2019\/01\/titulo-kit-romantico.png 510w\" sizes=\"(max-width: 800px) 100vw, 510px\" \/><\/span><\/div><div class=\"fusion-clearfix\"><\/div><\/div><\/div><div class=\"fusion-layout-column fusion_builder_column fusion-builder-column-1 fusion_builder_column_1_1 1_1 fusion-one-full fusion-column-first fusion-column-last\" style=\"margin-top:100px;margin-bottom:20px;\"><div class=\"fusion-column-wrapper fusion-flex-column-wrapper-legacy\" style=\"background-position:left top;background-repeat:no-repeat;-webkit-background-size:cover;-moz-background-size:cover;-o-background-size:cover;background-size:cover;padding: 0px 0px 0px 0px;\"><div class=\"fusion-text fusion-text-1\" style=\"transform:translate3d(0,0,0);\"><h4 style=\"text-align: justify;\">Quer homenagear quem ama? A oportunidade \u00edmpar \u00e9 contratar nosso Kit Rom\u00e2ntico e manifestar assim seu sentimento pela aquela pessoa t\u00e3o especial. A ornamenta\u00e7\u00e3o especial conta com p\u00e9talas de rosas, bombons, Champagne, frutas, e um charme todo particular na su\u00edte adquirida. O pacote \u00e9 pago em separado do valor total da estada e deve ser solicitado, pelo menos, cinco dias antes do chek in.<\/h4>\n<\/div><div class=\"fusion-clearfix\"><\/div><\/div><\/div><\/div><\/div><div class=\"fusion-fullwidth fullwidth-box fusion-builder-row-2 fusion-parallax-fixed nonhundred-percent-fullwidth non-hundred-percent-height-scrolling\" style=\"background-color: rgba(255,255,255,0);background-image: url(&quot;http:\/\/mdaniel.com.br\/pousada\/wp-content\/uploads\/2019\/03\/kit-romantico-meio-pagina.jpg&quot;);background-position: center center;background-repeat: no-repeat;padding-top:130px;padding-right:0px;padding-bottom:130px;padding-left:0px;margin-bottom: 0px;margin-top: 50px;border-width: 0px 0px 0px 0px;border-color:#eae9e9;border-style:solid;-webkit-background-size:cover;-moz-background-size:cover;-o-background-size:cover;background-size:cover;background-attachment:fixed;\" ><div class=\"fusion-builder-row fusion-row\"><div class=\"fusion-layout-column fusion_builder_column fusion-builder-column-2 fusion_builder_column_1_1 1_1 fusion-one-full fusion-column-first fusion-column-last\" style=\"margin-top:0px;margin-bottom:20px;\"><div class=\"fusion-column-wrapper fusion-flex-column-wrapper-legacy\" style=\"background-position:left top;background-repeat:no-repeat;-webkit-background-size:cover;-moz-background-size:cover;-o-background-size:cover;background-size:cover;padding: 0px 50px 0px 50px;\"><style type=\"text\/css\"><\/style><div class=\"fusion-title title fusion-title-1 fusion-sep-none fusion-title-center fusion-title-text fusion-title-size-one\" style=\"margin-top:0px;margin-bottom:30px;\"><h1 class=\"title-heading-center\" style=\"margin:0;color:#ffffff;\"><h1 style=\"text-align: center;\"><span style=\"color: #ffffff;\">Fa\u00e7a de sua su\u00edte o melhor lugar do mundo para o casal.<\/span><\/h1><\/h1><\/div><div class=\"fusion-clearfix\"><\/div><\/div><\/div><\/div><\/div><div class=\"fusion-fullwidth fullwidth-box fusion-builder-row-3 nonhundred-percent-fullwidth non-hundred-percent-height-scrolling\" style=\"background-color: rgba(255,255,255,0);background-position: center center;background-repeat: no-repeat;padding-top:0px;padding-right:0px;padding-bottom:0px;padding-left:0px;margin-bottom: 50px;margin-top: 50px;border-width: 0px 0px 0px 0px;border-color:#eae9e9;border-style:solid;\" ><div class=\"fusion-builder-row fusion-row\"><div class=\"fusion-layout-column fusion_builder_column fusion-builder-column-3 fusion_builder_column_1_1 1_1 fusion-one-full fusion-column-first fusion-column-last\" style=\"margin-top:0px;margin-bottom:20px;\"><div class=\"fusion-column-wrapper fusion-flex-column-wrapper-legacy\" style=\"background-position:left top;background-repeat:no-repeat;-webkit-background-size:cover;-moz-background-size:cover;-o-background-size:cover;background-size:cover;padding: 0px 0px 0px 0px;\"><div class=\"fusion-text fusion-text-2\" style=\"transform:translate3d(0,0,0);\"><h4>Nosso kit \u00e9 formado por:<br \/>\n\u2665 1 champanhe<br \/>\n\u2665 Chocolates<br \/>\n\u2665 Frutas<br \/>\n\u2665 Decora\u00e7\u00e3o na cama e no quarto com p\u00e9talas de rosas<br \/>\nTaxa do Kit Rom\u00e2ntico R$150,00, pago em uma \u00fanica vez e de forma antecipada.<\/h4>\n<h4>*Os itens decorativos, pertencem a pousada.<br \/>\n*\u00c9 preciso solicitar este pacote com anteced\u00eancia de, no m\u00e1ximo, cinco dias para encomendarmos as p\u00e9talas de rosas frescas.<\/h4>\n<\/div><div class=\"fusion-clearfix\"><\/div><\/div><\/div><\/div><\/div><div class=\"fusion-fullwidth fullwidth-box fusion-builder-row-4 hundred-percent-fullwidth non-hundred-percent-height-scrolling\" style=\"background-color: rgba(255,255,255,0);background-position: center center;background-repeat: repeat;padding-top:0px;padding-right:0px;padding-bottom:0px;padding-left:0px;margin-bottom: -35px;margin-top: 0px;border-width: 0px 0px 0px 0px;border-color:#eae9e9;border-style:solid;\" ><div class=\"fusion-builder-row fusion-row\"><div class=\"fusion-layout-column fusion_builder_column fusion-builder-column-4 fusion_builder_column_1_1 1_1 fusion-one-full fusion-column-first fusion-column-last\" style=\"margin-top:0px;margin-bottom:20px;\"><div class=\"fusion-column-wrapper fusion-flex-column-wrapper-legacy\" style=\"background-position:left top;background-repeat:no-repeat;-webkit-background-size:cover;-moz-background-size:cover;-o-background-size:cover;background-size:cover;padding: 0px 0px 0px 0px;\"><style type=\"text\/css\">.fusion-gallery-1 .fusion-gallery-image {border:0px solid #f6f6f6;}<\/style><div class=\"fusion-gallery fusion-gallery-container fusion-grid-4 fusion-columns-total-8 fusion-gallery-layout-grid fusion-gallery-1\" style=\"margin:0px;\"><div style=\"padding:0px;\" class=\"fusion-grid-column fusion-gallery-column fusion-gallery-column-4\"><div class=\"fusion-gallery-image fusion-gallery-image-liftup\"><a href=\"https:\/\/mdaniel.com.br\/pousada\/wp-content\/uploads\/2019\/03\/img-7977-1030x686.jpg\" rel=\"noreferrer\" data-rel=\"iLightbox[gallery_image_1]\" class=\"fusion-lightbox\" target=\"_self\"><img src=\"https:\/\/mdaniel.com.br\/pousada\/wp-content\/uploads\/2019\/03\/img-7977-1030x686.jpg\" width=\"1030\" height=\"686\" alt=\"\" title=\"img-7977-1030x686\" aria-label=\"img-7977-1030x686\" class=\"img-responsive wp-image-13501\" srcset=\"https:\/\/mdaniel.com.br\/pousada\/wp-content\/uploads\/2019\/03\/img-7977-1030x686-200x133.jpg 200w, https:\/\/mdaniel.com.br\/pousada\/wp-content\/uploads\/2019\/03\/img-7977-1030x686-400x266.jpg 400w, https:\/\/mdaniel.com.br\/pousada\/wp-content\/uploads\/2019\/03\/img-7977-1030x686-600x400.jpg 600w, https:\/\/mdaniel.com.br\/pousada\/wp-content\/uploads\/2019\/03\/img-7977-1030x686-800x533.jpg 800w\" sizes=\"(min-width: 2200px) 100vw, (min-width: 915px) 300px, (min-width: 824px) 400px, (min-width: 732px) 600px, (min-width: 640px) 732px, \" \/><\/a><\/div><\/div><div style=\"padding:0px;\" class=\"fusion-grid-column fusion-gallery-column fusion-gallery-column-4\"><div class=\"fusion-gallery-image fusion-gallery-image-liftup\"><a href=\"https:\/\/mdaniel.com.br\/pousada\/wp-content\/uploads\/2019\/03\/img-8006-1030x686.jpg\" rel=\"noreferrer\" data-rel=\"iLightbox[gallery_image_1]\" class=\"fusion-lightbox\" target=\"_self\"><img src=\"https:\/\/mdaniel.com.br\/pousada\/wp-content\/uploads\/2019\/03\/img-8006-1030x686.jpg\" width=\"1030\" height=\"686\" alt=\"\" title=\"img-8006-1030x686\" aria-label=\"img-8006-1030x686\" class=\"img-responsive wp-image-13508\" srcset=\"https:\/\/mdaniel.com.br\/pousada\/wp-content\/uploads\/2019\/03\/img-8006-1030x686-200x133.jpg 200w, https:\/\/mdaniel.com.br\/pousada\/wp-content\/uploads\/2019\/03\/img-8006-1030x686-400x266.jpg 400w, https:\/\/mdaniel.com.br\/pousada\/wp-content\/uploads\/2019\/03\/img-8006-1030x686-600x400.jpg 600w, https:\/\/mdaniel.com.br\/pousada\/wp-content\/uploads\/2019\/03\/img-8006-1030x686-800x533.jpg 800w\" sizes=\"(min-width: 2200px) 100vw, (min-width: 915px) 300px, (min-width: 824px) 400px, (min-width: 732px) 600px, (min-width: 640px) 732px, \" \/><\/a><\/div><\/div><div style=\"padding:0px;\" class=\"fusion-grid-column fusion-gallery-column fusion-gallery-column-4\"><div class=\"fusion-gallery-image fusion-gallery-image-liftup\"><a href=\"https:\/\/mdaniel.com.br\/pousada\/wp-content\/uploads\/2019\/03\/img-7954-1030x686.jpg\" rel=\"noreferrer\" data-rel=\"iLightbox[gallery_image_1]\" class=\"fusion-lightbox\" target=\"_self\"><img src=\"https:\/\/mdaniel.com.br\/pousada\/wp-content\/uploads\/2019\/03\/img-7954-1030x686.jpg\" width=\"1030\" height=\"686\" alt=\"\" title=\"img-7954-1030x686\" aria-label=\"img-7954-1030x686\" class=\"img-responsive wp-image-13494\" srcset=\"https:\/\/mdaniel.com.br\/pousada\/wp-content\/uploads\/2019\/03\/img-7954-1030x686-200x133.jpg 200w, https:\/\/mdaniel.com.br\/pousada\/wp-content\/uploads\/2019\/03\/img-7954-1030x686-400x266.jpg 400w, https:\/\/mdaniel.com.br\/pousada\/wp-content\/uploads\/2019\/03\/img-7954-1030x686-600x400.jpg 600w, https:\/\/mdaniel.com.br\/pousada\/wp-content\/uploads\/2019\/03\/img-7954-1030x686-800x533.jpg 800w\" sizes=\"(min-width: 2200px) 100vw, (min-width: 915px) 300px, (min-width: 824px) 400px, (min-width: 732px) 600px, (min-width: 640px) 732px, \" \/><\/a><\/div><\/div><div style=\"padding:0px;\" class=\"fusion-grid-column fusion-gallery-column fusion-gallery-column-4\"><div class=\"fusion-gallery-image fusion-gallery-image-liftup\"><a href=\"https:\/\/mdaniel.com.br\/pousada\/wp-content\/uploads\/2019\/03\/img-7949-1030x686.jpg\" rel=\"noreferrer\" data-rel=\"iLightbox[gallery_image_1]\" class=\"fusion-lightbox\" target=\"_self\"><img src=\"https:\/\/mdaniel.com.br\/pousada\/wp-content\/uploads\/2019\/03\/img-7949-1030x686.jpg\" width=\"1030\" height=\"686\" alt=\"\" title=\"img-7949-1030x686\" aria-label=\"img-7949-1030x686\" class=\"img-responsive wp-image-13493\" srcset=\"https:\/\/mdaniel.com.br\/pousada\/wp-content\/uploads\/2019\/03\/img-7949-1030x686-200x133.jpg 200w, https:\/\/mdaniel.com.br\/pousada\/wp-content\/uploads\/2019\/03\/img-7949-1030x686-400x266.jpg 400w, https:\/\/mdaniel.com.br\/pousada\/wp-content\/uploads\/2019\/03\/img-7949-1030x686-600x400.jpg 600w, https:\/\/mdaniel.com.br\/pousada\/wp-content\/uploads\/2019\/03\/img-7949-1030x686-800x533.jpg 800w\" sizes=\"(min-width: 2200px) 100vw, (min-width: 915px) 300px, (min-width: 824px) 400px, (min-width: 732px) 600px, (min-width: 640px) 732px, \" \/><\/a><\/div><\/div><div class=\"clearfix\"><\/div><div style=\"padding:0px;\" class=\"fusion-grid-column fusion-gallery-column fusion-gallery-column-4\"><div class=\"fusion-gallery-image fusion-gallery-image-liftup\"><a href=\"https:\/\/mdaniel.com.br\/pousada\/wp-content\/uploads\/2019\/03\/img-7986-1-1030x686.jpg\" rel=\"noreferrer\" data-rel=\"iLightbox[gallery_image_1]\" class=\"fusion-lightbox\" target=\"_self\"><img src=\"https:\/\/mdaniel.com.br\/pousada\/wp-content\/uploads\/2019\/03\/img-7986-1-1030x686.jpg\" width=\"1030\" height=\"686\" alt=\"\" title=\"img-7986-1-1030x686\" aria-label=\"img-7986-1-1030x686\" class=\"img-responsive wp-image-13505\" srcset=\"https:\/\/mdaniel.com.br\/pousada\/wp-content\/uploads\/2019\/03\/img-7986-1-1030x686-200x133.jpg 200w, https:\/\/mdaniel.com.br\/pousada\/wp-content\/uploads\/2019\/03\/img-7986-1-1030x686-400x266.jpg 400w, https:\/\/mdaniel.com.br\/pousada\/wp-content\/uploads\/2019\/03\/img-7986-1-1030x686-600x400.jpg 600w, https:\/\/mdaniel.com.br\/pousada\/wp-content\/uploads\/2019\/03\/img-7986-1-1030x686-800x533.jpg 800w\" sizes=\"(min-width: 2200px) 100vw, (min-width: 915px) 300px, (min-width: 824px) 400px, (min-width: 732px) 600px, (min-width: 640px) 732px, \" \/><\/a><\/div><\/div><div style=\"padding:0px;\" class=\"fusion-grid-column fusion-gallery-column fusion-gallery-column-4\"><div class=\"fusion-gallery-image fusion-gallery-image-liftup\"><a href=\"https:\/\/mdaniel.com.br\/pousada\/wp-content\/uploads\/2019\/03\/img-7984-1-1030x686.jpg\" rel=\"noreferrer\" data-rel=\"iLightbox[gallery_image_1]\" class=\"fusion-lightbox\" target=\"_self\"><img src=\"https:\/\/mdaniel.com.br\/pousada\/wp-content\/uploads\/2019\/03\/img-7984-1-1030x686.jpg\" width=\"1030\" height=\"686\" alt=\"\" title=\"img-7984-1-1030x686\" aria-label=\"img-7984-1-1030x686\" class=\"img-responsive wp-image-13504\" srcset=\"https:\/\/mdaniel.com.br\/pousada\/wp-content\/uploads\/2019\/03\/img-7984-1-1030x686-200x133.jpg 200w, https:\/\/mdaniel.com.br\/pousada\/wp-content\/uploads\/2019\/03\/img-7984-1-1030x686-400x266.jpg 400w, https:\/\/mdaniel.com.br\/pousada\/wp-content\/uploads\/2019\/03\/img-7984-1-1030x686-600x400.jpg 600w, https:\/\/mdaniel.com.br\/pousada\/wp-content\/uploads\/2019\/03\/img-7984-1-1030x686-800x533.jpg 800w\" sizes=\"(min-width: 2200px) 100vw, (min-width: 915px) 300px, (min-width: 824px) 400px, (min-width: 732px) 600px, (min-width: 640px) 732px, \" \/><\/a><\/div><\/div><div style=\"padding:0px;\" class=\"fusion-grid-column fusion-gallery-column fusion-gallery-column-4\"><div class=\"fusion-gallery-image fusion-gallery-image-liftup\"><a href=\"https:\/\/mdaniel.com.br\/pousada\/wp-content\/uploads\/2019\/03\/img-7983-1-1030x686.jpg\" rel=\"noreferrer\" data-rel=\"iLightbox[gallery_image_1]\" class=\"fusion-lightbox\" target=\"_self\"><img src=\"https:\/\/mdaniel.com.br\/pousada\/wp-content\/uploads\/2019\/03\/img-7983-1-1030x686.jpg\" width=\"1030\" height=\"686\" alt=\"\" title=\"img-7983-1-1030x686\" aria-label=\"img-7983-1-1030x686\" class=\"img-responsive wp-image-13503\" srcset=\"https:\/\/mdaniel.com.br\/pousada\/wp-content\/uploads\/2019\/03\/img-7983-1-1030x686-200x133.jpg 200w, https:\/\/mdaniel.com.br\/pousada\/wp-content\/uploads\/2019\/03\/img-7983-1-1030x686-400x266.jpg 400w, https:\/\/mdaniel.com.br\/pousada\/wp-content\/uploads\/2019\/03\/img-7983-1-1030x686-600x400.jpg 600w, https:\/\/mdaniel.com.br\/pousada\/wp-content\/uploads\/2019\/03\/img-7983-1-1030x686-800x533.jpg 800w\" sizes=\"(min-width: 2200px) 100vw, (min-width: 915px) 300px, (min-width: 824px) 400px, (min-width: 732px) 600px, (min-width: 640px) 732px, \" \/><\/a><\/div><\/div><div style=\"padding:0px;\" class=\"fusion-grid-column fusion-gallery-column fusion-gallery-column-4\"><div class=\"fusion-gallery-image fusion-gallery-image-liftup\"><a href=\"https:\/\/mdaniel.com.br\/pousada\/wp-content\/uploads\/2019\/03\/img-7973-1030x686.jpg\" rel=\"noreferrer\" data-rel=\"iLightbox[gallery_image_1]\" class=\"fusion-lightbox\" target=\"_self\"><img src=\"https:\/\/mdaniel.com.br\/pousada\/wp-content\/uploads\/2019\/03\/img-7973-1030x686.jpg\" width=\"1030\" height=\"686\" alt=\"\" title=\"img-7973-1030x686\" aria-label=\"img-7973-1030x686\" class=\"img-responsive wp-image-13499\" srcset=\"https:\/\/mdaniel.com.br\/pousada\/wp-content\/uploads\/2019\/03\/img-7973-1030x686-200x133.jpg 200w, https:\/\/mdaniel.com.br\/pousada\/wp-content\/uploads\/2019\/03\/img-7973-1030x686-400x266.jpg 400w, https:\/\/mdaniel.com.br\/pousada\/wp-content\/uploads\/2019\/03\/img-7973-1030x686-600x400.jpg 600w, https:\/\/mdaniel.com.br\/pousada\/wp-content\/uploads\/2019\/03\/img-7973-1030x686-800x533.jpg 800w\" sizes=\"(min-width: 2200px) 100vw, (min-width: 915px) 300px, (min-width: 824px) 400px, (min-width: 732px) 600px, (min-width: 640px) 732px, \" \/><\/a><\/div><\/div><div class=\"clearfix\"><\/div><\/div><div class=\"fusion-clearfix\"><\/div><\/div><\/div><\/div><\/div><\/p>\n","protected":false},"excerpt":{"rendered":"","protected":false},"author":1,"featured_media":0,"parent":0,"menu_order":0,"comment_status":"closed","ping_status":"closed","template":"100-width.php","meta":[],"_links":{"self":[{"href":"https:\/\/mdaniel.com.br\/pousada\/wp-json\/wp\/v2\/pages\/12325"}],"collection":[{"href":"https:\/\/mdaniel.com.br\/pousada\/wp-json\/wp\/v2\/pages"}],"about":[{"href":"https:\/\/mdaniel.com.br\/pousada\/wp-json\/wp\/v2\/types\/page"}],"author":[{"embeddable":true,"href":"https:\/\/mdaniel.com.br\/pousada\/wp-json\/wp\/v2\/users\/1"}],"replies":[{"embeddable":true,"href":"https:\/\/mdaniel.com.br\/pousada\/wp-json\/wp\/v2\/comments?post=12325"}],"version-history":[{"count":40,"href":"https:\/\/mdaniel.com.br\/pousada\/wp-json\/wp\/v2\/pages\/12325\/revisions"}],"predecessor-version":[{"id":13523,"href":"https:\/\/mdaniel.com.br\/pousada\/wp-json\/wp\/v2\/pages\/12325\/revisions\/13523"}],"wp:attachment":[{"href":"https:\/\/mdaniel.com.br\/pousada\/wp-json\/wp\/v2\/media?parent=12325"}],"curies":[{"name":"wp","href":"https:\/\/api.w.org\/{rel}","templated":true}]}}