{"id":12333,"date":"2018-01-25T11:12:51","date_gmt":"2018-01-25T13:12:51","guid":{"rendered":"http:\/\/mdaniel.com.br\/pousada\/?page_id=12333"},"modified":"2019-03-08T15:52:53","modified_gmt":"2019-03-08T18:52:53","slug":"maragogi","status":"publish","type":"page","link":"https:\/\/mdaniel.com.br\/pousada\/maragogi\/","title":{"rendered":"Maragogi"},"content":{"rendered":"<p><div class=\"fusion-fullwidth fullwidth-box fusion-builder-row-1 conteudo nonhundred-percent-fullwidth non-hundred-percent-height-scrolling\" style=\"background-color: rgba(255,255,255,0);background-position: center center;background-repeat: no-repeat;padding-top:0px;padding-right:0px;padding-bottom:0px;padding-left:0px;margin-bottom: 0px;margin-top: 30px;border-width: 0px 0px 0px 0px;border-color:#eae9e9;border-style:solid;\" ><div class=\"fusion-builder-row fusion-row\"><div class=\"fusion-layout-column fusion_builder_column fusion-builder-column-0 fusion_builder_column_1_1 1_1 fusion-one-full fusion-column-first fusion-column-last\" style=\"margin-top:0px;margin-bottom:20px;\"><div class=\"fusion-column-wrapper fusion-flex-column-wrapper-legacy\" style=\"background-position:left top;background-repeat:no-repeat;-webkit-background-size:cover;-moz-background-size:cover;-o-background-size:cover;background-size:cover;padding: 0px 0px 0px 0px;\"><div class=\"imageframe-align-center\"><span class=\" fusion-imageframe imageframe-none imageframe-1 hover-type-none titulo-pgn fusion-animated\" data-animationType=\"shake\" data-animationDuration=\"0.3\" data-animationOffset=\"100%\"><img width=\"348\" height=\"171\" title=\"titulo-maragogi\" src=\"http:\/\/mdaniel.com.br\/pousada\/wp-content\/uploads\/2019\/01\/titulo-maragogi.png\" class=\"img-responsive wp-image-13112\" srcset=\"https:\/\/mdaniel.com.br\/pousada\/wp-content\/uploads\/2019\/01\/titulo-maragogi-200x98.png 200w, https:\/\/mdaniel.com.br\/pousada\/wp-content\/uploads\/2019\/01\/titulo-maragogi.png 348w\" sizes=\"(max-width: 800px) 100vw, 348px\" \/><\/span><\/div><div class=\"fusion-text fusion-text-1\" style=\"transform:translate3d(0,0,0);\"><h4 style=\"text-align: justify;\">A Costa dos Corais \u00e9 uma extensa faixa de terra, entre o Norte de Alagoas e o Sul do Estado de Pernambuco, que apresenta as mais belas praias do litoral brasileiro. Os corais naturais desenham piscinas naturais \u00fanicas no mundo. Considerada, inclusive, a segunda maior barreira de corais do planeta.<\/h4>\n<h4 style=\"text-align: justify;\">A grandiosidade da natureza se manifesta justamente nesta regi\u00e3o aben\u00e7oada por Deus, s\u00f3 Ele pra explicar tamanha beleza. \u00c1guas mornas e adornadas em um azul turquesa que n\u00e3o perde em nada para os mares caribenhos. Maragogi est\u00e1 no centro da Costa dos Corais, munic\u00edpio privilegiado. Al\u00e9m de se apaixonar por praias perfeitas, o visitante ainda pode visitar as belezas regionais como S\u00e3o Miguel dos Milagres, Porto de Galinhas, Carneiros.<\/h4>\n<\/div><div class=\"fusion-clearfix\"><\/div><\/div><\/div><\/div><\/div><div class=\"fusion-fullwidth fullwidth-box fusion-builder-row-2 fusion-parallax-fixed hundred-percent-fullwidth non-hundred-percent-height-scrolling\" style=\"background-color: rgba(255,255,255,0);background-image: url(&quot;http:\/\/mdaniel.com.br\/pousada\/wp-content\/uploads\/2019\/02\/foto-praia-antunes.jpg&quot;);background-position: center center;background-repeat: no-repeat;padding-top:150px;padding-right:0px;padding-bottom:153px;padding-left:0px;margin-bottom: 0px;border-width: 0px 0px 0px 0px;border-color:#eae9e9;border-style:solid;-webkit-background-size:cover;-moz-background-size:cover;-o-background-size:cover;background-size:cover;background-attachment:fixed;\" ><div class=\"fusion-builder-row fusion-row\"><div class=\"fusion-layout-column fusion_builder_column fusion-builder-column-1 fusion_builder_column_1_1 1_1 fusion-one-full fusion-column-first fusion-column-last\" style=\"margin-top:0px;margin-bottom:20px;\"><div class=\"fusion-column-wrapper fusion-flex-column-wrapper-legacy\" style=\"background-position:left top;background-repeat:no-repeat;-webkit-background-size:cover;-moz-background-size:cover;-o-background-size:cover;background-size:cover;padding: 0px 50px 0px 50px;\"><style type=\"text\/css\"><\/style><div class=\"fusion-title title fusion-title-1 fusion-sep-none fusion-title-center fusion-title-text fusion-title-size-one\" style=\"margin-top:0px;margin-bottom:30px;\"><h1 class=\"title-heading-center\" style=\"margin:0;color:#ffffff;\"><h1 style=\"text-align: center;\">A praia de Antunes \u00e9 a mais badalada. Sua cor e tonalidade de azul beira o inacredit\u00e1vel.<\/h1><\/h1><\/div><div class=\"fusion-clearfix\"><\/div><\/div><\/div><\/div><\/div><div class=\"fusion-fullwidth fullwidth-box fusion-builder-row-3 conteudo nonhundred-percent-fullwidth non-hundred-percent-height-scrolling\" style=\"background-color: rgba(255,255,255,0);background-position: center center;background-repeat: no-repeat;padding-top:0px;padding-right:0px;padding-bottom:0px;padding-left:0px;margin-bottom: 0px;margin-top: 30px;border-width: 0px 0px 0px 0px;border-color:#eae9e9;border-style:solid;\" ><div class=\"fusion-builder-row fusion-row\"><div class=\"fusion-layout-column fusion_builder_column fusion-builder-column-2 fusion_builder_column_1_1 1_1 fusion-one-full fusion-column-first fusion-column-last\" style=\"margin-top:0px;margin-bottom:20px;\"><div class=\"fusion-column-wrapper fusion-flex-column-wrapper-legacy\" style=\"background-position:left top;background-repeat:no-repeat;-webkit-background-size:cover;-moz-background-size:cover;-o-background-size:cover;background-size:cover;padding: 0px 0px 0px 0px;\"><div class=\"fusion-text fusion-text-2\" style=\"transform:translate3d(0,0,0);\"><h4>N\u00e3o menos bela, o distrito de Barra Grande vem com sua praia e seu banco de areia \u2013 locais que marcam a vida das pessoas com tamanha beleza.<\/h4>\n<h4>Caminhando um pouco mais para o Norte, Xar\u00e9u e Ponta de Mangue s\u00e3o os pontos altos deste litoral. Xar\u00e9u \u00e9 mais deserta e seu areial quilom\u00e9trico \u00e9 um convite para a paz de esp\u00edrito finalmente se encontrar em voc\u00ea. Ponta de Mangue e seu coqueiral seduz e lembra as paisagens mais comuns das Antilhas e Am\u00e9rica Central.<\/h4>\n<h4>Peroba, a nossa \u00faltima praia ao Norte, disp\u00f5e de corais, que ficam exposto em mar\u00e9 baixa. Neles, piscinas cristalinas se formam. Pr\u00f3prias para fam\u00edlias e crian\u00e7as. J\u00e1 Camacho, ao Sul de Maragogi, \u00e9 cortada pelo Rio Maragogi e presenteia-nos com uma paisagem surreal de areia e \u00e1gua cristalina.<\/h4>\n<h4>Passeios de buggy s\u00e3o permitidos e passeios de carro, que levam at\u00e9 algumas destas praias levam e buscam visitantes recorrentemente. N\u00e3o h\u00e1 permiss\u00e3o para os ve\u00edculos andarem na areia.<\/h4>\n<\/div><div class=\"fusion-clearfix\"><\/div><\/div><\/div><\/div><\/div><div class=\"fusion-fullwidth fullwidth-box fusion-builder-row-4 hundred-percent-fullwidth non-hundred-percent-height-scrolling\" style=\"background-color: rgba(255,255,255,0);background-position: center center;background-repeat: repeat;padding-top:0px;padding-right:0px;padding-bottom:0px;padding-left:0px;margin-bottom: -35px;margin-top: 0px;border-width: 0px 0px 0px 0px;border-color:#eae9e9;border-style:solid;\" ><div class=\"fusion-builder-row fusion-row\"><div class=\"fusion-layout-column fusion_builder_column fusion-builder-column-3 fusion_builder_column_1_1 1_1 fusion-one-full fusion-column-first fusion-column-last\" style=\"margin-top:0px;margin-bottom:20px;\"><div class=\"fusion-column-wrapper fusion-flex-column-wrapper-legacy\" style=\"background-position:left top;background-repeat:no-repeat;-webkit-background-size:cover;-moz-background-size:cover;-o-background-size:cover;background-size:cover;padding: 0px 0px 0px 0px;\"><style type=\"text\/css\">.fusion-gallery-1 .fusion-gallery-image {border:0px solid #f6f6f6;}<\/style><div class=\"fusion-gallery fusion-gallery-container fusion-grid-4 fusion-columns-total-8 fusion-gallery-layout-grid fusion-gallery-1\" style=\"margin:0px;\"><div style=\"padding:0px;\" class=\"fusion-grid-column fusion-gallery-column fusion-gallery-column-4\"><div class=\"fusion-gallery-image fusion-gallery-image-liftup\"><a href=\"https:\/\/mdaniel.com.br\/pousada\/wp-content\/uploads\/2019\/03\/pousada-dos-jangadeiros14-1-1030x579.jpg\" rel=\"noreferrer\" data-rel=\"iLightbox[gallery_image_1]\" class=\"fusion-lightbox\" target=\"_self\"><img src=\"https:\/\/mdaniel.com.br\/pousada\/wp-content\/uploads\/2019\/03\/pousada-dos-jangadeiros14-1-1030x579.jpg\" width=\"1030\" height=\"579\" alt=\"\" title=\"pousada-dos-jangadeiros14-1-1030x579\" aria-label=\"pousada-dos-jangadeiros14-1-1030x579\" class=\"img-responsive wp-image-13513\" srcset=\"https:\/\/mdaniel.com.br\/pousada\/wp-content\/uploads\/2019\/03\/pousada-dos-jangadeiros14-1-1030x579-200x112.jpg 200w, https:\/\/mdaniel.com.br\/pousada\/wp-content\/uploads\/2019\/03\/pousada-dos-jangadeiros14-1-1030x579-400x225.jpg 400w, https:\/\/mdaniel.com.br\/pousada\/wp-content\/uploads\/2019\/03\/pousada-dos-jangadeiros14-1-1030x579-600x337.jpg 600w, https:\/\/mdaniel.com.br\/pousada\/wp-content\/uploads\/2019\/03\/pousada-dos-jangadeiros14-1-1030x579-800x450.jpg 800w\" sizes=\"(min-width: 2200px) 100vw, (min-width: 915px) 300px, (min-width: 824px) 400px, (min-width: 732px) 600px, (min-width: 640px) 732px, \" \/><\/a><\/div><\/div><div style=\"padding:0px;\" class=\"fusion-grid-column fusion-gallery-column fusion-gallery-column-4\"><div class=\"fusion-gallery-image fusion-gallery-image-liftup\"><a href=\"https:\/\/mdaniel.com.br\/pousada\/wp-content\/uploads\/2019\/02\/maragogi-1.jpg\" rel=\"noreferrer\" data-rel=\"iLightbox[gallery_image_1]\" class=\"fusion-lightbox\" target=\"_self\"><img src=\"https:\/\/mdaniel.com.br\/pousada\/wp-content\/uploads\/2019\/02\/maragogi-1.jpg\" width=\"1200\" height=\"900\" alt=\"\" title=\"DCIM100GOPROGOPR7577.\" aria-label=\"DCIM100GOPROGOPR7577.\" class=\"img-responsive wp-image-13287\" srcset=\"https:\/\/mdaniel.com.br\/pousada\/wp-content\/uploads\/2019\/02\/maragogi-1-200x150.jpg 200w, https:\/\/mdaniel.com.br\/pousada\/wp-content\/uploads\/2019\/02\/maragogi-1-400x300.jpg 400w, https:\/\/mdaniel.com.br\/pousada\/wp-content\/uploads\/2019\/02\/maragogi-1-600x450.jpg 600w, https:\/\/mdaniel.com.br\/pousada\/wp-content\/uploads\/2019\/02\/maragogi-1-800x600.jpg 800w, https:\/\/mdaniel.com.br\/pousada\/wp-content\/uploads\/2019\/02\/maragogi-1.jpg 1200w\" sizes=\"(min-width: 2200px) 100vw, (min-width: 915px) 300px, (min-width: 824px) 400px, (min-width: 732px) 600px, (min-width: 640px) 732px, \" \/><\/a><\/div><\/div><div style=\"padding:0px;\" class=\"fusion-grid-column fusion-gallery-column fusion-gallery-column-4\"><div class=\"fusion-gallery-image fusion-gallery-image-liftup\"><a href=\"https:\/\/mdaniel.com.br\/pousada\/wp-content\/uploads\/2019\/02\/maragogi-8.jpg\" rel=\"noreferrer\" data-rel=\"iLightbox[gallery_image_1]\" class=\"fusion-lightbox\" target=\"_self\"><img src=\"https:\/\/mdaniel.com.br\/pousada\/wp-content\/uploads\/2019\/02\/maragogi-8.jpg\" width=\"1200\" height=\"900\" alt=\"\" title=\"DCIM100GOPROGOPR7577.\" aria-label=\"DCIM100GOPROGOPR7577.\" class=\"img-responsive wp-image-13294\" srcset=\"https:\/\/mdaniel.com.br\/pousada\/wp-content\/uploads\/2019\/02\/maragogi-8-200x150.jpg 200w, https:\/\/mdaniel.com.br\/pousada\/wp-content\/uploads\/2019\/02\/maragogi-8-400x300.jpg 400w, https:\/\/mdaniel.com.br\/pousada\/wp-content\/uploads\/2019\/02\/maragogi-8-600x450.jpg 600w, https:\/\/mdaniel.com.br\/pousada\/wp-content\/uploads\/2019\/02\/maragogi-8-800x600.jpg 800w, https:\/\/mdaniel.com.br\/pousada\/wp-content\/uploads\/2019\/02\/maragogi-8.jpg 1200w\" sizes=\"(min-width: 2200px) 100vw, (min-width: 915px) 300px, (min-width: 824px) 400px, (min-width: 732px) 600px, (min-width: 640px) 732px, \" \/><\/a><\/div><\/div><div style=\"padding:0px;\" class=\"fusion-grid-column fusion-gallery-column fusion-gallery-column-4\"><div class=\"fusion-gallery-image fusion-gallery-image-liftup\"><a href=\"https:\/\/mdaniel.com.br\/pousada\/wp-content\/uploads\/2019\/02\/maragogi-7.jpg\" rel=\"noreferrer\" data-rel=\"iLightbox[gallery_image_1]\" class=\"fusion-lightbox\" target=\"_self\"><img src=\"https:\/\/mdaniel.com.br\/pousada\/wp-content\/uploads\/2019\/02\/maragogi-7.jpg\" width=\"1200\" height=\"900\" alt=\"\" title=\"DCIM100GOPROGOPR7577.\" aria-label=\"DCIM100GOPROGOPR7577.\" class=\"img-responsive wp-image-13293\" srcset=\"https:\/\/mdaniel.com.br\/pousada\/wp-content\/uploads\/2019\/02\/maragogi-7-200x150.jpg 200w, https:\/\/mdaniel.com.br\/pousada\/wp-content\/uploads\/2019\/02\/maragogi-7-400x300.jpg 400w, https:\/\/mdaniel.com.br\/pousada\/wp-content\/uploads\/2019\/02\/maragogi-7-600x450.jpg 600w, https:\/\/mdaniel.com.br\/pousada\/wp-content\/uploads\/2019\/02\/maragogi-7-800x600.jpg 800w, https:\/\/mdaniel.com.br\/pousada\/wp-content\/uploads\/2019\/02\/maragogi-7.jpg 1200w\" sizes=\"(min-width: 2200px) 100vw, (min-width: 915px) 300px, (min-width: 824px) 400px, (min-width: 732px) 600px, (min-width: 640px) 732px, \" \/><\/a><\/div><\/div><div class=\"clearfix\"><\/div><div style=\"padding:0px;\" class=\"fusion-grid-column fusion-gallery-column fusion-gallery-column-4\"><div class=\"fusion-gallery-image fusion-gallery-image-liftup\"><a href=\"https:\/\/mdaniel.com.br\/pousada\/wp-content\/uploads\/2019\/02\/maragogi-3.jpg\" rel=\"noreferrer\" data-rel=\"iLightbox[gallery_image_1]\" class=\"fusion-lightbox\" target=\"_self\"><img src=\"https:\/\/mdaniel.com.br\/pousada\/wp-content\/uploads\/2019\/02\/maragogi-3.jpg\" width=\"1200\" height=\"900\" alt=\"\" title=\"DCIM100GOPROGOPR7577.\" aria-label=\"DCIM100GOPROGOPR7577.\" class=\"img-responsive wp-image-13289\" srcset=\"https:\/\/mdaniel.com.br\/pousada\/wp-content\/uploads\/2019\/02\/maragogi-3-200x150.jpg 200w, https:\/\/mdaniel.com.br\/pousada\/wp-content\/uploads\/2019\/02\/maragogi-3-400x300.jpg 400w, https:\/\/mdaniel.com.br\/pousada\/wp-content\/uploads\/2019\/02\/maragogi-3-600x450.jpg 600w, https:\/\/mdaniel.com.br\/pousada\/wp-content\/uploads\/2019\/02\/maragogi-3-800x600.jpg 800w, https:\/\/mdaniel.com.br\/pousada\/wp-content\/uploads\/2019\/02\/maragogi-3.jpg 1200w\" sizes=\"(min-width: 2200px) 100vw, (min-width: 915px) 300px, (min-width: 824px) 400px, (min-width: 732px) 600px, (min-width: 640px) 732px, \" \/><\/a><\/div><\/div><div style=\"padding:0px;\" class=\"fusion-grid-column fusion-gallery-column fusion-gallery-column-4\"><div class=\"fusion-gallery-image fusion-gallery-image-liftup\"><a href=\"https:\/\/mdaniel.com.br\/pousada\/wp-content\/uploads\/2019\/02\/maragogi-5.jpg\" rel=\"noreferrer\" data-rel=\"iLightbox[gallery_image_1]\" class=\"fusion-lightbox\" target=\"_self\"><img src=\"https:\/\/mdaniel.com.br\/pousada\/wp-content\/uploads\/2019\/02\/maragogi-5.jpg\" width=\"1200\" height=\"900\" alt=\"\" title=\"DCIM100GOPROGOPR7577.\" aria-label=\"DCIM100GOPROGOPR7577.\" class=\"img-responsive wp-image-13291\" srcset=\"https:\/\/mdaniel.com.br\/pousada\/wp-content\/uploads\/2019\/02\/maragogi-5-200x150.jpg 200w, https:\/\/mdaniel.com.br\/pousada\/wp-content\/uploads\/2019\/02\/maragogi-5-400x300.jpg 400w, https:\/\/mdaniel.com.br\/pousada\/wp-content\/uploads\/2019\/02\/maragogi-5-600x450.jpg 600w, https:\/\/mdaniel.com.br\/pousada\/wp-content\/uploads\/2019\/02\/maragogi-5-800x600.jpg 800w, https:\/\/mdaniel.com.br\/pousada\/wp-content\/uploads\/2019\/02\/maragogi-5.jpg 1200w\" sizes=\"(min-width: 2200px) 100vw, (min-width: 915px) 300px, (min-width: 824px) 400px, (min-width: 732px) 600px, (min-width: 640px) 732px, \" \/><\/a><\/div><\/div><div style=\"padding:0px;\" class=\"fusion-grid-column fusion-gallery-column fusion-gallery-column-4\"><div class=\"fusion-gallery-image fusion-gallery-image-liftup\"><a href=\"https:\/\/mdaniel.com.br\/pousada\/wp-content\/uploads\/2019\/02\/maragogi-6.jpg\" rel=\"noreferrer\" data-rel=\"iLightbox[gallery_image_1]\" class=\"fusion-lightbox\" target=\"_self\"><img src=\"https:\/\/mdaniel.com.br\/pousada\/wp-content\/uploads\/2019\/02\/maragogi-6.jpg\" width=\"1200\" height=\"900\" alt=\"\" title=\"DCIM100GOPROGOPR7577.\" aria-label=\"DCIM100GOPROGOPR7577.\" class=\"img-responsive wp-image-13292\" srcset=\"https:\/\/mdaniel.com.br\/pousada\/wp-content\/uploads\/2019\/02\/maragogi-6-200x150.jpg 200w, https:\/\/mdaniel.com.br\/pousada\/wp-content\/uploads\/2019\/02\/maragogi-6-400x300.jpg 400w, https:\/\/mdaniel.com.br\/pousada\/wp-content\/uploads\/2019\/02\/maragogi-6-600x450.jpg 600w, https:\/\/mdaniel.com.br\/pousada\/wp-content\/uploads\/2019\/02\/maragogi-6-800x600.jpg 800w, https:\/\/mdaniel.com.br\/pousada\/wp-content\/uploads\/2019\/02\/maragogi-6.jpg 1200w\" sizes=\"(min-width: 2200px) 100vw, (min-width: 915px) 300px, (min-width: 824px) 400px, (min-width: 732px) 600px, (min-width: 640px) 732px, \" \/><\/a><\/div><\/div><div style=\"padding:0px;\" class=\"fusion-grid-column fusion-gallery-column fusion-gallery-column-4\"><div class=\"fusion-gallery-image fusion-gallery-image-liftup\"><a href=\"https:\/\/mdaniel.com.br\/pousada\/wp-content\/uploads\/2019\/02\/maragogi-2.jpg\" rel=\"noreferrer\" data-rel=\"iLightbox[gallery_image_1]\" class=\"fusion-lightbox\" target=\"_self\"><img src=\"https:\/\/mdaniel.com.br\/pousada\/wp-content\/uploads\/2019\/02\/maragogi-2.jpg\" width=\"1200\" height=\"900\" alt=\"\" title=\"DCIM100GOPROGOPR7577.\" aria-label=\"DCIM100GOPROGOPR7577.\" class=\"img-responsive wp-image-13288\" srcset=\"https:\/\/mdaniel.com.br\/pousada\/wp-content\/uploads\/2019\/02\/maragogi-2-200x150.jpg 200w, https:\/\/mdaniel.com.br\/pousada\/wp-content\/uploads\/2019\/02\/maragogi-2-400x300.jpg 400w, https:\/\/mdaniel.com.br\/pousada\/wp-content\/uploads\/2019\/02\/maragogi-2-600x450.jpg 600w, https:\/\/mdaniel.com.br\/pousada\/wp-content\/uploads\/2019\/02\/maragogi-2-800x600.jpg 800w, https:\/\/mdaniel.com.br\/pousada\/wp-content\/uploads\/2019\/02\/maragogi-2.jpg 1200w\" sizes=\"(min-width: 2200px) 100vw, (min-width: 915px) 300px, (min-width: 824px) 400px, (min-width: 732px) 600px, (min-width: 640px) 732px, \" \/><\/a><\/div><\/div><div class=\"clearfix\"><\/div><\/div><div class=\"fusion-clearfix\"><\/div><\/div><\/div><\/div><\/div><\/p>\n","protected":false},"excerpt":{"rendered":"","protected":false},"author":1,"featured_media":0,"parent":0,"menu_order":0,"comment_status":"closed","ping_status":"closed","template":"100-width.php","meta":[],"_links":{"self":[{"href":"https:\/\/mdaniel.com.br\/pousada\/wp-json\/wp\/v2\/pages\/12333"}],"collection":[{"href":"https:\/\/mdaniel.com.br\/pousada\/wp-json\/wp\/v2\/pages"}],"about":[{"href":"https:\/\/mdaniel.com.br\/pousada\/wp-json\/wp\/v2\/types\/page"}],"author":[{"embeddable":true,"href":"https:\/\/mdaniel.com.br\/pousada\/wp-json\/wp\/v2\/users\/1"}],"replies":[{"embeddable":true,"href":"https:\/\/mdaniel.com.br\/pousada\/wp-json\/wp\/v2\/comments?post=12333"}],"version-history":[{"count":8,"href":"https:\/\/mdaniel.com.br\/pousada\/wp-json\/wp\/v2\/pages\/12333\/revisions"}],"predecessor-version":[{"id":13514,"href":"https:\/\/mdaniel.com.br\/pousada\/wp-json\/wp\/v2\/pages\/12333\/revisions\/13514"}],"wp:attachment":[{"href":"https:\/\/mdaniel.com.br\/pousada\/wp-json\/wp\/v2\/media?parent=12333"}],"curies":[{"name":"wp","href":"https:\/\/api.w.org\/{rel}","templated":true}]}}